{"id":573,"date":"2022-09-27T21:57:29","date_gmt":"2022-09-27T21:57:29","guid":{"rendered":"https:\/\/www.asesoriatauro.es\/?page_id=573"},"modified":"2022-09-27T22:15:31","modified_gmt":"2022-09-27T22:15:31","slug":"politica-de-cookies","status":"publish","type":"page","link":"https:\/\/www.asesoriatauro.es\/index.php\/politica-de-cookies\/","title":{"rendered":"Pol\u00edtica de cookies"},"content":{"rendered":"\t\t<div data-elementor-type=\"wp-page\" data-elementor-id=\"573\" class=\"elementor elementor-573\">\n\t\t\t\t\t\t<div class=\"elementor-inner\">\n\t\t\t\t<div class=\"elementor-section-wrap\">\n\t\t\t\t\t\t\t\t\t<section class=\"elementor-section elementor-top-section elementor-element elementor-element-9d03d7d elementor-section-boxed elementor-section-height-default elementor-section-height-default\" data-id=\"9d03d7d\" data-element_type=\"section\">\n\t\t\t\t\t\t<div class=\"elementor-container elementor-column-gap-default\">\n\t\t\t\t\t\t\t<div class=\"elementor-row\">\n\t\t\t\t\t<div class=\"elementor-column elementor-col-100 elementor-top-column elementor-element elementor-element-70c08a2d\" data-id=\"70c08a2d\" data-element_type=\"column\">\n\t\t\t<div class=\"elementor-column-wrap elementor-element-populated\">\n\t\t\t\t\t\t\t<div class=\"elementor-widget-wrap\">\n\t\t\t\t\t\t<div class=\"elementor-element elementor-element-1e782bed elementor-widget elementor-widget-text-editor\" data-id=\"1e782bed\" data-element_type=\"widget\" data-widget_type=\"text-editor.default\">\n\t\t\t\t<div class=\"elementor-widget-container\">\n\t\t\t\t\t\t\t\t<div class=\"elementor-text-editor elementor-clearfix\">\n\t\t\t\t<p>El sitio web de Domingo Moya Clemente utiliza cookies. Usted puede cambiar la configuraci\u00f3n o retirar su consentimiento de las cookies de nuestra web en cualquier<br \/>momento.<\/p><p>Esta p\u00e1gina utiliza tipos diferentes de cookies. Algunas cookies son colocadas por servicios de terceros que aparecen en nuestras p\u00e1ginas. Solo se almacenar\u00e1n cookies<br \/>en su dispositivo si son estrictamente necesarias para el correcto funcionamiento del sitio web. Tambi\u00e9n utilizamos cookies de anal\u00edtica web para medir y analizar la navegaci\u00f3n de los usuarios en nuestra p\u00e1gina web.<\/p><p>Puede obtener m\u00e1s informaci\u00f3n sobre nosotros y c\u00f3mo contactarnos en nuestro <strong><a href=\"https:\/\/www.asesoriatauro.es\/index.php\/aviso-legal\/\">Aviso legal<\/a><\/strong> y de c\u00f3mo tratamos los datos personales en nuestra <strong><a href=\"https:\/\/www.asesoriatauro.es\/index.php\/politica-de-privacidad\/\">Pol\u00edtica de Privacidad<\/a><\/strong>.<\/p><p>Desactivaci\u00f3n de cookies: <br \/>Para permitir, conocer, bloquear o eliminar las cookies instaladas en su equipo puede hacerlo mediante la configuraci\u00f3n de las opciones del navegador instalado en su ordenador.<\/p><p>Cambiar la configuraci\u00f3n de aceptaci\u00f3n de cookies, podr\u00eda entorpecer la navegaci\u00f3n y restarle funcionalidades a nuestra web. Aun as\u00ed, si quieres m\u00e1s informaci\u00f3n sobre su configuraci\u00f3n, puedes consultar las p\u00e1ginas web de los diferentes navegadores:<\/p><p>Google Chrome: <a href=\"https:\/\/support.google.com\/chrome\/answer\/95647?hl=es\">https:\/\/support.google.com\/chrome\/answer\/95647?hl=es<\/a><br \/>Firefox: <a href=\"http:\/\/support.mozilla.org\/es\/home\">http:\/\/support.mozilla.org\/es\/home<\/a><br \/>Internet Explorer: <a href=\"http:\/\/support.microsoft.com\/ph\/807\/es-es\">http:\/\/support.microsoft.com\/ph\/807\/es-es<\/a><br \/>Safari: <a href=\"http:\/\/support.apple.com\/kb\/HT1677?viewlocale=es_ES\">http:\/\/support.apple.com\/kb\/HT1677?viewlocale=es_ES<\/a><br \/>Opera: <a href=\"http:\/\/help.opera.com\/Windows\/8.54\/es-ES\/index.html\">http:\/\/help.opera.com\/Windows\/8.54\/es-ES\/index.html<\/a><\/p>\t\t\t\t\t<\/div>\n\t\t\t\t\t\t<\/div>\n\t\t\t\t<\/div>\n\t\t\t\t\t\t<\/div>\n\t\t\t\t\t<\/div>\n\t\t<\/div>\n\t\t\t\t\t\t\t\t<\/div>\n\t\t\t\t\t<\/div>\n\t\t<\/section>\n\t\t\t\t\t\t\t\t\t<\/div>\n\t\t\t<\/div>\n\t\t\t\t\t<\/div>\n\t\t","protected":false},"excerpt":{"rendered":"<p>El sitio web de Domingo Moya Clemente utiliza cookies. Usted puede cambiar la configuraci\u00f3n o retirar su consentimiento de las cookies de nuestra web en cualquiermomento. Esta p\u00e1gina utiliza tipos diferentes de cookies. Algunas cookies son colocadas por servicios de terceros que aparecen en nuestras p\u00e1ginas. Solo se almacenar\u00e1n cookiesen su dispositivo si son estrictamente [&hellip;]<\/p>\n","protected":false},"author":1,"featured_media":0,"parent":0,"menu_order":0,"comment_status":"closed","ping_status":"open","template":"","meta":[],"_links":{"self":[{"href":"https:\/\/www.asesoriatauro.es\/index.php\/wp-json\/wp\/v2\/pages\/573"}],"collection":[{"href":"https:\/\/www.asesoriatauro.es\/index.php\/wp-json\/wp\/v2\/pages"}],"about":[{"href":"https:\/\/www.asesoriatauro.es\/index.php\/wp-json\/wp\/v2\/types\/page"}],"author":[{"embeddable":true,"href":"https:\/\/www.asesoriatauro.es\/index.php\/wp-json\/wp\/v2\/users\/1"}],"replies":[{"embeddable":true,"href":"https:\/\/www.asesoriatauro.es\/index.php\/wp-json\/wp\/v2\/comments?post=573"}],"version-history":[{"count":10,"href":"https:\/\/www.asesoriatauro.es\/index.php\/wp-json\/wp\/v2\/pages\/573\/revisions"}],"predecessor-version":[{"id":583,"href":"https:\/\/www.asesoriatauro.es\/index.php\/wp-json\/wp\/v2\/pages\/573\/revisions\/583"}],"wp:attachment":[{"href":"https:\/\/www.asesoriatauro.es\/index.php\/wp-json\/wp\/v2\/media?parent=573"}],"curies":[{"name":"wp","href":"https:\/\/api.w.org\/{rel}","templated":true}]}}